{"id":5453,"date":"2022-11-16T10:27:02","date_gmt":"2022-11-16T10:27:02","guid":{"rendered":"https:\/\/turkexpo.com.tr\/sirket-profilleri\/"},"modified":"2023-02-07T15:39:02","modified_gmt":"2023-02-07T15:39:02","slug":"sirket-profilleri","status":"publish","type":"page","link":"https:\/\/turkexpo.com.tr\/tr\/sirket-profilleri\/","title":{"rendered":"\u015eirket Profilleri"},"content":{"rendered":"<section class=\"l-section wpb_row height_custom width_full\"><div class=\"l-section-h i-cf\"><div class=\"g-cols vc_row via_grid cols_1 laptops-cols_inherit tablets-cols_inherit mobiles-cols_1 valign_top type_default stacking_default\"><div class=\"wpb_column vc_column_container\"><div class=\"vc_column-inner\"><div class=\"wpb_text_column\"><div class=\"wpb_wrapper\"><div class=\"bootstrap-wrapper wrapper\" id=\"\">\n\t<input type=\"hidden\" id=\"profileID\" value=\"1\">\n\t<main class=\" pt-1\">\n        <div class=\"primary-page\">\n\t\t\t<div class=\"container\">\n\t\t\t\t<div class=\"item-detail-special contentshowep\">\n\t\t\t\t\t<div class=\"col-md-2 \">\n\t\t\t\t\t\t\t\t\t\t\t\t\t<img decoding=\"async\"  src=\"http:\/\/turkexpo.com.tr\/wp-content\/uploads\/2022\/10\/logo_ttv-150x150.jpg\">\n\t\t\t\t\t\t\t\t\t\t\t\t<\/div>\n\t\t\t\t\t<div class=\"col-md-7\">\n\t\t\t\t\t\t<div class=\"row align-items-lg-center\">\n\t\t\t\t\t\t\t<div class=\"col-lg-7 col-xl-8 \">\n\t\t\t\t\t\t\t\t<h6 class=\"title-detail\">\n\t\t\t\t\t\t\t\t\t<\/h6>\n                                <p>\n                                                                                www.tuplutelevizyon.com<\/span>\n                                            \n                                <\/p>\n\t\t\t\t\t\t\t\t  <p> Hall : \n                                                                                3<\/span>\n                                            \n                                <\/p>\n\t\t\t\t\t\t\t\t\n\t\t\t\t\t\t\t<div class=\"meta-job\">\n\t\t\t\t\t\t\t\t<p>\n\t\t\t\t\t\t\t\t\n\t\t\t\t\t\t\t\t\t\n\n\t\t\t\t\t\t\t\t\t\n\t\t\t\t\t\t\t\t\t\t\t\t\t\t\t\t\t<\/p>\n\t\t\t\t\t\t\t<\/div>\n\t\t\t\t\t\t<\/div>\n\t\t\t\t\t\t\n\t\t\t\t\t<\/div>\n\t\t\t\t<\/div>\n\t\t\t\t<div class=\"col-md-3\">\n\t\t\t\t\t<div class=\"btn-feature\">\n\t\t\t\t\t\t\t\t\t\t<a class=\"btn btn-light-green\" href=\"https:\/\/turkexpo.co\/booking\/\" target=\"_blank\"><i class=\"fas fa-calender\"><\/i> Request Meeting<\/a>\n\t\t\t\t\t\t\t\t\t\t<div data-object_id=\"5453\" class=\"cbxwpbkmarkwrap cbxwpbkmarkwrap_guest cbxwpbkmarkwrap_user_cat cbxwpbkmarkwrap-page \"><a  data-redirect-url=\"https:\/\/turkexpo.com.tr\/tr\/wp-json\/wp\/v2\/pages\/5453\/\"  data-display-label=\"1\" data-show-count=\"1\" data-bookmark-label=\"Bookmark\"  data-bookmarked-label=\"Bookmarked\"  data-loggedin=\"0\" data-type=\"page\" data-object_id=\"5453\" class=\"cbxwpbkmarktrig  cbxwpbkmarktrig-button-addto\" title=\"Bookmark This\" href=\"#\"><span class=\"cbxwpbkmarktrig-label\" >Bookmark (<i class=\"cbxwpbkmarktrig-count\">0<\/i>)<\/span><\/a> <div  data-type=\"page\" data-object_id=\"5453\" class=\"cbxwpbkmarkguestwrap\" id=\"cbxwpbkmarkguestwrap-5453\"><div class=\"cbxwpbkmarkguest-message\"><a href=\"#\" class=\"cbxwpbkmarkguesttrig_close\"><\/a><h3 class=\"cbxwpbookmark-title cbxwpbookmark-title-login\">Please login to bookmark<\/h3><form name=\"loginform\" id=\"loginform\" action=\"https:\/\/turkexpo.com.tr\/tr\/wp-login.php\" method=\"post\"><p class=\"login-username\">\n\t\t\t\t<label for=\"user_login\">Kullan\u0131c\u0131 ad\u0131 ya da e-posta adresi<\/label>\n\t\t\t\t<input type=\"text\" name=\"log\" id=\"user_login\" autocomplete=\"username\" class=\"input\" value=\"\" size=\"20\" \/>\n\t\t\t<\/p><p class=\"login-password\">\n\t\t\t\t<label for=\"user_pass\">Parola<\/label>\n\t\t\t\t<input type=\"password\" name=\"pwd\" id=\"user_pass\" autocomplete=\"current-password\" spellcheck=\"false\" class=\"input\" value=\"\" size=\"20\" \/>\n\t\t\t<\/p><p class=\"login-remember\"><label><input name=\"rememberme\" type=\"checkbox\" id=\"rememberme\" value=\"forever\" \/> Beni hat\u0131rla<\/label><\/p><p class=\"login-submit\">\n\t\t\t\t<input type=\"submit\" name=\"wp-submit\" id=\"wp-submit\" class=\"button button-primary\" value=\"Oturum a\u00e7\" \/>\n\t\t\t\t<input type=\"hidden\" name=\"redirect_to\" value=\"https:\/\/turkexpo.com.tr\/tr\/wp-json\/wp\/v2\/pages\/5453\/\" \/>\n\t\t\t<\/p><\/form><\/div><\/div><\/div>\t\n\t\t\t\t\t\t\n\t\t\t\t\t\t\n\t\t\t\t\t<\/div> \n\t\t\t\t<\/div>                   \n\t\t\t<\/div>\n\t\t\t\n\t\t\t<div class=\"row\">\n\t\t\t\t<div class=\"col-lg-8\">\n\t\t\t\t\t<div class=\"content-main-right single-detail contentshowep\">\n\t\t\t\t\t\t<div class=\"box-description\">\n\t\t\t\t\t\t\t<h6>About Us<\/h6>\n\t\t\t\t\t\t\t<p>Lorem ipsum dolor sit amet, consectetur adipiscing elit, sed do eiusmod tempor incididunt ut labore et dolore magna aliqua. Ut enim ad minim veniam, quis nostrud exercitation ullamco laboris nisi ut aliquip ex ea commodo consequat. Duis aute irure dolor in reprehenderit in voluptate velit esse cillum dolore eu fugiat nulla pariatur. Excepteur sint occaecat cupidatat non proident, sunt in culpa qui officia deserunt mollit anim id est laborum.<br \/>\nLorem ipsum dolor sit amet, consectetur adipiscing elit, sed do eiusmod tempor incididunt ut labore et dolore magna aliqua. Ut enim ad minim veniam, quis nostrud exercitation ullamco laboris nisi ut aliquip ex ea commodo consequat. Duis aute irure dolor in reprehenderit in voluptate velit esse cillum dolore eu fugiat nulla pariatur. Excepteur sint occaecat cupidatat non proident, sunt in culpa qui officia deserunt mollit anim id est laborum.<br \/>\nLorem ipsum dolor sit amet, consectetur adipiscing elit, sed do eiusmod tempor incididunt ut labore et dolore magna aliqua. Ut enim ad minim veniam, quis nostrud exercitation ullamco laboris nisi ut aliquip ex ea commodo consequat. Duis aute irure dolor in reprehenderit in voluptate velit esse cillum dolore<\/p>\n\t\t\t\t\t\t<\/div>\n                        <br><br>\n\t\t\t\t\t\t<div class=\"box-description\">\n\t\t\t\t\t\t\t<h6>Hakk\u0131nda<\/h6>\n\t\t\t\t\t\t\t<p>Lorem ipsum dolor sit amet, consectetur adipiscing elit, sed do eiusmod tempor incididunt ut labore et dolore magna aliqua. Ut enim ad minim veniam, quis nostrud exercitation ullamco laboris nisi ut aliquip ex ea commodo consequat. Duis aute irure dolor in reprehenderit in voluptate velit esse cillum dolore eu fugiat nulla pariatur. Excepteur sint occaecat cupidatat non proident, sunt in culpa qui officia deserunt mollit anim id est laborum.<\/p>\n\t\t\t\t\t\t<\/div>\n\t\t\t\t\t\t<br><br>\n\t\t\t\t\t\t<div class=\"box-description\">\n\t\t\t\t\t\t\t<h6>\u0645\u0639\u0644\u0648\u0645\u0627\u062a \u0639\u0646\u0627<\/h6>\n\t\t\t\t\t\t\t<p>Lorem ipsum dolor sit amet, consectetur adipiscing elit, sed do eiusmod tempor incididunt ut labore et dolore magna aliqua. Ut enim ad minim veniam, quis nostrud exercitation ullamco laboris nisi ut aliquip ex ea commodo consequat. Duis aute irure dolor in reprehenderit in voluptate velit esse cillum dolore eu fugiat nulla pariatur. Excepteur sint occaecat cupidatat non proident, sunt in culpa qui officia deserunt mollit anim id est laborum.<\/p>\n\t\t\t\t\t\t<\/div>\n\t\t\t\t\t\t                                <br><br><br>\n\t\t\t\t\t\t<div class=\"row\">\n\t\t\t\t\t\t\t\t\t\t\t\t\t\t\t\t<div class=\" p-2  col-md-3\">\n\t\t\t\t\t\t\t\t\t\t<a data-fancybox=\"gallery\" href=\"https:\/\/turkexpo.com.tr\/wp-content\/uploads\/2022\/04\/us-placeholder-portrait.jpg\">\n\t\t\t\t\t\t\t\t\t\t\t<img decoding=\"async\" class=\"img-fluid rounded float\" src=\"https:\/\/turkexpo.com.tr\/wp-content\/uploads\/2022\/04\/us-placeholder-portrait.jpg\" >\n\t\t\t\t\t\t\t\t\t\t<\/a>\n\t\t\t\t\t\t\t\t\t<\/div>\n\t\t\t\t\t\t\t\t\t\t\t\t\t\t\t\t\t\t<div class=\" p-2  col-md-3\">\n\t\t\t\t\t\t\t\t\t\t<a data-fancybox=\"gallery\" href=\"https:\/\/turkexpo.com.tr\/wp-content\/uploads\/2022\/04\/us-placeholder-landscape.jpg\">\n\t\t\t\t\t\t\t\t\t\t\t<img decoding=\"async\" class=\"img-fluid rounded float\" src=\"https:\/\/turkexpo.com.tr\/wp-content\/uploads\/2022\/04\/us-placeholder-landscape.jpg\" >\n\t\t\t\t\t\t\t\t\t\t<\/a>\n\t\t\t\t\t\t\t\t\t<\/div>\n\t\t\t\t\t\t\t\t\t\t\t\t\t\t\t\t\t\t<div class=\" p-2  col-md-3\">\n\t\t\t\t\t\t\t\t\t\t<a data-fancybox=\"gallery\" href=\"https:\/\/turkexpo.com.tr\/wp-content\/uploads\/2022\/04\/us-placeholder-square.jpg\">\n\t\t\t\t\t\t\t\t\t\t\t<img decoding=\"async\" class=\"img-fluid rounded float\" src=\"https:\/\/turkexpo.com.tr\/wp-content\/uploads\/2022\/04\/us-placeholder-square.jpg\" >\n\t\t\t\t\t\t\t\t\t\t<\/a>\n\t\t\t\t\t\t\t\t\t<\/div>\n\t\t\t\t\t\t\t\t\t\t\t\t\t\t\t<\/div>\n\t\t\t\t\t\t\t\n\t\t\t\t\t<div class=\"row mt-3\">\t\t\t\t\t\t\n\t\t\t\t\t\t\n\t\t\t\t\t\t\t\t\t\t\t\t\t\t\t\t<div  class=\"col-md-3 col-xs-12\">\n\t\t\t\t\t\t\t\t\t\t\t<div class=\"panel panel-default\">\n\t\t\t\t\t\t\t\t\t\t\t\t<div class=\"panel-heading\"><\/div>\n\t\t\t\t\t\t\t\t\t\t\t\t<div class=\"panel-body text-center\"><a href=\"https:\/\/turkexpo.com.tr\/wp-content\/uploads\/2022\/10\/001.pdf\" target=\"_blank\">\n\t\t\t\t\t\t\t\t\t\t\t\t\t<img decoding=\"async\" src=\"https:\/\/turkexpo.com.tr\/wp-content\/plugins\/wp-membership\/admin\/files\/images\/pdf.png\">\n\t\t\t\t\t\t\t\t\t\t\t\t<span style=\"font-size:11px\">001.pdf<\/span>\n\t\t\t\t\t\t\t\t\t\t\t\t<\/a>\n\t\t\t\t\t\t\t\t\t\t\t\t<\/div>\n\t\t\t\t\t\t\t\t\t\t\t<\/div>\n\t\t\t\t\t\t\t\t\t\t<\/div>\n\t\t\t\t\t\t\t\t\t\t\t\t\t\t\t\t<\/div>\t\t\t\t\t\n\t\t\t\t\t<\/div>\n\t\t\t\t\t\t\t<div class=\"simillar-jobs\">\t\t\t\t\t\t\t\n\t\t\t\t\t\t\t<div class=\"content-main-right list-jobs contentshowep\">\t\t\t\t\t\t\t\n\t\t\t\t\t\t\t\t<div class=\"list \">\n\t\t\t\t\t\t\t\t\n\t\t\t\t\t\t\t\t\t\t\t\n\t\t\t\t\t\t\t\t\t<div class=\"job-item\">\n\t\t\t\t\t\t\t\t\t\t<div class=\"row align-items-center\">\n\t\t\t\t\t\t\t\t\t\t\t<div class=\"col-md-9 col-lg-8 col-xl-9\">\n\t\t\t\t\t\t\t\t\t\t\t\t<div class=\"text\">\n\t\t\t\t\t\t\t\t\t\t\t\t\t<h6 class=\"title-job\"><a href=\"https:\/\/turkexpo.com.tr\/tr\/dervolit-met-pls-san-tic-ltd-sti\/\">DERVOL\u0130T MET. PLS. SAN. T\u0130C. LTD. \u015eT\u0130.<\/a><\/h6>\n\t\t\t\t\t\t\t\t\t\t\t\t\t<div class=\"date-job\">\n\t\t\t\t\t\t\t\t\t\t\t\t\t\t<p>Posted  Mar 14, 2023<\/p>\n\t\t\t\t\t\t\t\t\t\t\t\t\t<\/div>\n\t\t\t\t\t\t\t\t\t\t\t\t\t\n\t\t\t\t\t\t\t\t\t\t\t\t<\/div>\n\t\t\t\t\t\t\t\t\t\t\t<\/div>\n\t\t\t\t\t\t\t\t\t\t\t\n\t\t\t\t\t\t\t\t\t\t<\/div>\n\t\t\t\t\t\t\t\t\t<\/div>\n\t\t\t\t\t\t\t\t\t\t\n\t\t\t\t\t\t\t\t\t\n\t\t\t\t\t\t\t\t\t\t\t\n\t\t\t\t\t\t\t\t\t<div class=\"job-item\">\n\t\t\t\t\t\t\t\t\t\t<div class=\"row align-items-center\">\n\t\t\t\t\t\t\t\t\t\t\t<div class=\"col-md-9 col-lg-8 col-xl-9\">\n\t\t\t\t\t\t\t\t\t\t\t\t<div class=\"text\">\n\t\t\t\t\t\t\t\t\t\t\t\t\t<h6 class=\"title-job\"><a href=\"https:\/\/turkexpo.com.tr\/tr\/koroplast-temizlik-ambalaj-urunleri-san-tic-ve-dis-tic-a-s\/\">KOROPLAST TEM\u0130ZL\u0130K AMBALAJ \u00dcR\u00dcNLER\u0130 SAN. T\u0130C. ve DI\u015e. T\u0130C. A.\u015e.<\/a><\/h6>\n\t\t\t\t\t\t\t\t\t\t\t\t\t<div class=\"date-job\">\n\t\t\t\t\t\t\t\t\t\t\t\t\t\t<p>Posted  Mar 13, 2023<\/p>\n\t\t\t\t\t\t\t\t\t\t\t\t\t<\/div>\n\t\t\t\t\t\t\t\t\t\t\t\t\t\n\t\t\t\t\t\t\t\t\t\t\t\t<\/div>\n\t\t\t\t\t\t\t\t\t\t\t<\/div>\n\t\t\t\t\t\t\t\t\t\t\t\n\t\t\t\t\t\t\t\t\t\t<\/div>\n\t\t\t\t\t\t\t\t\t<\/div>\n\t\t\t\t\t\t\t\t\t\t\n\t\t\t\t\t\t\t\t\t\n\t\t\t\t\t\t\t\t\t\t\t\n\t\t\t\t\t\t\t\t\t<div class=\"job-item\">\n\t\t\t\t\t\t\t\t\t\t<div class=\"row align-items-center\">\n\t\t\t\t\t\t\t\t\t\t\t<div class=\"col-md-9 col-lg-8 col-xl-9\">\n\t\t\t\t\t\t\t\t\t\t\t\t<div class=\"text\">\n\t\t\t\t\t\t\t\t\t\t\t\t\t<h6 class=\"title-job\"><a href=\"https:\/\/turkexpo.com.tr\/tr\/gesas-genel-gida-sanayi-ve-ticaret-a-s\/\">GESAS GENEL GIDA SANAYI VE TICARET A.S.<\/a><\/h6>\n\t\t\t\t\t\t\t\t\t\t\t\t\t<div class=\"date-job\">\n\t\t\t\t\t\t\t\t\t\t\t\t\t\t<p>Posted  Mar 07, 2023<\/p>\n\t\t\t\t\t\t\t\t\t\t\t\t\t<\/div>\n\t\t\t\t\t\t\t\t\t\t\t\t\t\n\t\t\t\t\t\t\t\t\t\t\t\t<\/div>\n\t\t\t\t\t\t\t\t\t\t\t<\/div>\n\t\t\t\t\t\t\t\t\t\t\t\n\t\t\t\t\t\t\t\t\t\t<\/div>\n\t\t\t\t\t\t\t\t\t<\/div>\n\t\t\t\t\t\t\t\t\t\t\n\t\t\t\t\t\t\t\t\t\n\t\t\t\t\t\t\t\t\t\t\t\n\t\t\t\t\t\t\t\t\t<div class=\"job-item\">\n\t\t\t\t\t\t\t\t\t\t<div class=\"row align-items-center\">\n\t\t\t\t\t\t\t\t\t\t\t<div class=\"col-md-9 col-lg-8 col-xl-9\">\n\t\t\t\t\t\t\t\t\t\t\t\t<div class=\"text\">\n\t\t\t\t\t\t\t\t\t\t\t\t\t<h6 class=\"title-job\"><a href=\"https:\/\/turkexpo.com.tr\/tr\/minimal-iletisim-med-dan-ltd-sti\/\">M\u0130N\u0130MAL \u0130LET\u0130\u015e\u0130M MED. DAN. LTD. \u015eT\u0130.<\/a><\/h6>\n\t\t\t\t\t\t\t\t\t\t\t\t\t<div class=\"date-job\">\n\t\t\t\t\t\t\t\t\t\t\t\t\t\t<p>Posted  Mar 06, 2023<\/p>\n\t\t\t\t\t\t\t\t\t\t\t\t\t<\/div>\n\t\t\t\t\t\t\t\t\t\t\t\t\t\n\t\t\t\t\t\t\t\t\t\t\t\t<\/div>\n\t\t\t\t\t\t\t\t\t\t\t<\/div>\n\t\t\t\t\t\t\t\t\t\t\t\n\t\t\t\t\t\t\t\t\t\t<\/div>\n\t\t\t\t\t\t\t\t\t<\/div>\n\t\t\t\t\t\t\t\t\t\t\n\t\t\t\t\t\t\t\t\t\n\t\t\t\t\t\t\t\t\t\t\t\n\t\t\t\t\t\t\t\t\t<div class=\"job-item\">\n\t\t\t\t\t\t\t\t\t\t<div class=\"row align-items-center\">\n\t\t\t\t\t\t\t\t\t\t\t<div class=\"col-md-9 col-lg-8 col-xl-9\">\n\t\t\t\t\t\t\t\t\t\t\t\t<div class=\"text\">\n\t\t\t\t\t\t\t\t\t\t\t\t\t<h6 class=\"title-job\"><a href=\"https:\/\/turkexpo.com.tr\/tr\/hilal-group-insaat-enerji-tic-ltd-sti\/\">H\u0130LAL GROUP \u0130N\u015eAAT ENERJ\u0130 T\u0130C. LTD. \u015eT\u0130.<\/a><\/h6>\n\t\t\t\t\t\t\t\t\t\t\t\t\t<div class=\"date-job\">\n\t\t\t\t\t\t\t\t\t\t\t\t\t\t<p>Posted  Mar 06, 2023<\/p>\n\t\t\t\t\t\t\t\t\t\t\t\t\t<\/div>\n\t\t\t\t\t\t\t\t\t\t\t\t\t\n\t\t\t\t\t\t\t\t\t\t\t\t<\/div>\n\t\t\t\t\t\t\t\t\t\t\t<\/div>\n\t\t\t\t\t\t\t\t\t\t\t\n\t\t\t\t\t\t\t\t\t\t<\/div>\n\t\t\t\t\t\t\t\t\t<\/div>\n\t\t\t\t\t\t\t\t\t\t\n\t\t\t\t\t\t\t\t\t\n\t\t\t\t\t\t\t\t\t\t\t\n\t\t\t\t\t\t\t\t\t<div class=\"job-item\">\n\t\t\t\t\t\t\t\t\t\t<div class=\"row align-items-center\">\n\t\t\t\t\t\t\t\t\t\t\t<div class=\"col-md-9 col-lg-8 col-xl-9\">\n\t\t\t\t\t\t\t\t\t\t\t\t<div class=\"text\">\n\t\t\t\t\t\t\t\t\t\t\t\t\t<h6 class=\"title-job\"><a href=\"https:\/\/turkexpo.com.tr\/tr\/alfawares-otomotiv-dis-tic-ltd-sti\/\">ALFAWARES OTOMOT\u0130V DI\u015e T\u0130C. LTD. \u015eT\u0130.<\/a><\/h6>\n\t\t\t\t\t\t\t\t\t\t\t\t\t<div class=\"date-job\">\n\t\t\t\t\t\t\t\t\t\t\t\t\t\t<p>Posted  Mar 06, 2023<\/p>\n\t\t\t\t\t\t\t\t\t\t\t\t\t<\/div>\n\t\t\t\t\t\t\t\t\t\t\t\t\t\n\t\t\t\t\t\t\t\t\t\t\t\t<\/div>\n\t\t\t\t\t\t\t\t\t\t\t<\/div>\n\t\t\t\t\t\t\t\t\t\t\t\n\t\t\t\t\t\t\t\t\t\t<\/div>\n\t\t\t\t\t\t\t\t\t<\/div>\n\t\t\t\t\t\t\t\t\t\t\n\t\t\t\t\t\t\t\t\t\n\t\t\t\t\t\t\t\t\t\t\t\n\t\t\t\t\t\t\t\t\t<div class=\"job-item\">\n\t\t\t\t\t\t\t\t\t\t<div class=\"row align-items-center\">\n\t\t\t\t\t\t\t\t\t\t\t<div class=\"col-md-9 col-lg-8 col-xl-9\">\n\t\t\t\t\t\t\t\t\t\t\t\t<div class=\"text\">\n\t\t\t\t\t\t\t\t\t\t\t\t\t<h6 class=\"title-job\"><a href=\"https:\/\/turkexpo.com.tr\/tr\/fimaks-plastik-a-s\/\">F\u0130MAKS PLAST\u0130K A.\u015e.<\/a><\/h6>\n\t\t\t\t\t\t\t\t\t\t\t\t\t<div class=\"date-job\">\n\t\t\t\t\t\t\t\t\t\t\t\t\t\t<p>Posted  Mar 02, 2023<\/p>\n\t\t\t\t\t\t\t\t\t\t\t\t\t<\/div>\n\t\t\t\t\t\t\t\t\t\t\t\t\t\n\t\t\t\t\t\t\t\t\t\t\t\t<\/div>\n\t\t\t\t\t\t\t\t\t\t\t<\/div>\n\t\t\t\t\t\t\t\t\t\t\t\n\t\t\t\t\t\t\t\t\t\t<\/div>\n\t\t\t\t\t\t\t\t\t<\/div>\n\t\t\t\t\t\t\t\t\t\t\n\t\t\t\t\t\t\t\t\t\n\t\t\t\t\t\t\t\t\t\t\t\n\t\t\t\t\t\t\t\t\t<div class=\"job-item\">\n\t\t\t\t\t\t\t\t\t\t<div class=\"row align-items-center\">\n\t\t\t\t\t\t\t\t\t\t\t<div class=\"col-md-9 col-lg-8 col-xl-9\">\n\t\t\t\t\t\t\t\t\t\t\t\t<div class=\"text\">\n\t\t\t\t\t\t\t\t\t\t\t\t\t<h6 class=\"title-job\"><a href=\"https:\/\/turkexpo.com.tr\/tr\/nmt-lojistik-a-s\/\">NMT LOJ\u0130ST\u0130K A.\u015e<\/a><\/h6>\n\t\t\t\t\t\t\t\t\t\t\t\t\t<div class=\"date-job\">\n\t\t\t\t\t\t\t\t\t\t\t\t\t\t<p>Posted  Mar 02, 2023<\/p>\n\t\t\t\t\t\t\t\t\t\t\t\t\t<\/div>\n\t\t\t\t\t\t\t\t\t\t\t\t\t\n\t\t\t\t\t\t\t\t\t\t\t\t<\/div>\n\t\t\t\t\t\t\t\t\t\t\t<\/div>\n\t\t\t\t\t\t\t\t\t\t\t\n\t\t\t\t\t\t\t\t\t\t<\/div>\n\t\t\t\t\t\t\t\t\t<\/div>\n\t\t\t\t\t\t\t\t\t\t\n\t\t\t\t\t\t\t\t\t\n\t\t\t\t\t\t\t\t\t\t\t\n\t\t\t\t\t\t\t\t\t<div class=\"job-item\">\n\t\t\t\t\t\t\t\t\t\t<div class=\"row align-items-center\">\n\t\t\t\t\t\t\t\t\t\t\t<div class=\"col-md-9 col-lg-8 col-xl-9\">\n\t\t\t\t\t\t\t\t\t\t\t\t<div class=\"text\">\n\t\t\t\t\t\t\t\t\t\t\t\t\t<h6 class=\"title-job\"><a href=\"https:\/\/turkexpo.com.tr\/tr\/starkap-plastik-ve-kimya-san-tic-a-s\/\">STARKAP PLAST\u0130K VE K\u0130MYA SAN. T\u0130C. A.\u015e.<\/a><\/h6>\n\t\t\t\t\t\t\t\t\t\t\t\t\t<div class=\"date-job\">\n\t\t\t\t\t\t\t\t\t\t\t\t\t\t<p>Posted  \u015eub 25, 2023<\/p>\n\t\t\t\t\t\t\t\t\t\t\t\t\t<\/div>\n\t\t\t\t\t\t\t\t\t\t\t\t\t\n\t\t\t\t\t\t\t\t\t\t\t\t<\/div>\n\t\t\t\t\t\t\t\t\t\t\t<\/div>\n\t\t\t\t\t\t\t\t\t\t\t\n\t\t\t\t\t\t\t\t\t\t<\/div>\n\t\t\t\t\t\t\t\t\t<\/div>\n\t\t\t\t\t\t\t\t\t\t\n\t\t\t\t\t\t\t\t\t\n\t\t\t\t\t\t\t\t\t\t\t\n\t\t\t\t\t\t\t\t\t<div class=\"job-item\">\n\t\t\t\t\t\t\t\t\t\t<div class=\"row align-items-center\">\n\t\t\t\t\t\t\t\t\t\t\t<div class=\"col-md-9 col-lg-8 col-xl-9\">\n\t\t\t\t\t\t\t\t\t\t\t\t<div class=\"text\">\n\t\t\t\t\t\t\t\t\t\t\t\t\t<h6 class=\"title-job\"><a href=\"https:\/\/turkexpo.com.tr\/tr\/ekokimya-kimyevi-urunler\/\">EKOK\u0130MYA K\u0130MYEV\u0130 \u00dcR\u00dcNLER<\/a><\/h6>\n\t\t\t\t\t\t\t\t\t\t\t\t\t<div class=\"date-job\">\n\t\t\t\t\t\t\t\t\t\t\t\t\t\t<p>Posted  \u015eub 23, 2023<\/p>\n\t\t\t\t\t\t\t\t\t\t\t\t\t<\/div>\n\t\t\t\t\t\t\t\t\t\t\t\t\t\n\t\t\t\t\t\t\t\t\t\t\t\t<\/div>\n\t\t\t\t\t\t\t\t\t\t\t<\/div>\n\t\t\t\t\t\t\t\t\t\t\t\n\t\t\t\t\t\t\t\t\t\t<\/div>\n\t\t\t\t\t\t\t\t\t<\/div>\n\t\t\t\t\t\t\t\t\t\t\n\t\t\t\t\t\t\t\t\t\n\t\t\t\t\t\t\t\t\t\t\t\t\t\t\t\t\t\n\t\t\t\t\t\t\t\t<\/div>\n\t\t\t\t\t\t\t<\/div>\n\t\t\t\t\t\t<\/div>\n\t\t\t\t\t\t\n\t\t\t\t\t\n\t\t\t\t<\/div>\n\t\t\t\t<div class=\"col-lg-4\">\n\t\t\t\t\t<div class=\"sidebar-right contentshowep\">\n\t\t\t\t\t\t<div class=\"sidebar-right-group\">\n\t\t\t\t\t\t\t<div class=\"job-detail-summary\">\n\t\t\t\t\t\t\t\t<h6 class=\"title-block\">\u015eirket Temsilcisi<\/h6>\n\t\t\t\t\t\t\t\t<ul>\n\t\t\t\t\t\t\t\t\t\t\t\t\t\t\t\t\t\t\n\t\t\t\t\t\t\t\t\t\t\t\t\t\t\t\t\t\t\t\t\t\n\t\t\t\t\t\t\t\t\t\t\t\t\t\t\t\t\t\t\t\t\t\n\t\t\t\t\t\t\t\t\t\t\t\t\t\t\t\t\t\t\t\t\t\t\t<li class=\"row\">\n\t\t\t\t\t\t\t\t\t\t\t\t<span class=\"col-6 col-md-5\">Title<\/span>\n\t\t\t\t\t\t\t\t\t\t\t\t<span class=\"col-1 col-md-1 px-0\">:<\/span>\n\t\t\t\t\t\t\t\t\t\t\t\t<div class=\"col-5 col-md-6 px-0\">\n\t\t\t\t\t\t\t\t\t\t\t\t\tGeneral Manager\t\t\t\t\t\t\t\t\t\t\t\t\t\n\t\t\t\t\t\t\t\t\t\t\t\t\t\n\t\t\t\t\t\t\t\t\t\t\t\t<\/div>\n\t\t\t\t\t\t\t\t\t\t\t\t<\/li>\n\t\t\t\t\t\t\t\t\t\t\t\t\t\t\t\t\t\t\t\t\t\n\t\t\t\t\t\t\t\t\t\t\t\t\t\t\t\t\t\t\t\t\t\t\t<li class=\"row\">\n\t\t\t\t\t\t\t\t\t\t\t\t<span class=\"col-6 col-md-5\">Name<\/span>\n\t\t\t\t\t\t\t\t\t\t\t\t<span class=\"col-1 col-md-1 px-0\">:<\/span>\n\t\t\t\t\t\t\t\t\t\t\t\t<div class=\"col-5 col-md-6 px-0\">\n\t\t\t\t\t\t\t\t\t\t\t\t\tEngin\t\t\t\t\t\t\t\t\t\t\t\t\t\n\t\t\t\t\t\t\t\t\t\t\t\t\t\n\t\t\t\t\t\t\t\t\t\t\t\t<\/div>\n\t\t\t\t\t\t\t\t\t\t\t\t<\/li>\n\t\t\t\t\t\t\t\t\t\t\t\t\t\t\t\t\t\t\t\t\t\n\t\t\t\t\t\t\t\t\t\t\t\t\t\t\t\t\t\t\t\t\t\t\t<li class=\"row\">\n\t\t\t\t\t\t\t\t\t\t\t\t<span class=\"col-6 col-md-5\">Last Name<\/span>\n\t\t\t\t\t\t\t\t\t\t\t\t<span class=\"col-1 col-md-1 px-0\">:<\/span>\n\t\t\t\t\t\t\t\t\t\t\t\t<div class=\"col-5 col-md-6 px-0\">\n\t\t\t\t\t\t\t\t\t\t\t\t\tKarag\u00f6z\t\t\t\t\t\t\t\t\t\t\t\t\t\n\t\t\t\t\t\t\t\t\t\t\t\t\t\n\t\t\t\t\t\t\t\t\t\t\t\t<\/div>\n\t\t\t\t\t\t\t\t\t\t\t\t<\/li>\n\t\t\t\t\t\t\t\t\t\t\t\t\t\t\t\t\t\t\t\t\t\n\t\t\t\t\t\t\t\t\t\t\t\t\t\t\t\t\t\t\t\t\t\t\t<li class=\"row\">\n\t\t\t\t\t\t\t\t\t\t\t\t<span class=\"col-6 col-md-5\">Mobile<\/span>\n\t\t\t\t\t\t\t\t\t\t\t\t<span class=\"col-1 col-md-1 px-0\">:<\/span>\n\t\t\t\t\t\t\t\t\t\t\t\t<div class=\"col-5 col-md-6 px-0\">\n\t\t\t\t\t\t\t\t\t\t\t\t\t05551234567\t\t\t\t\t\t\t\t\t\t\t\t\t\n\t\t\t\t\t\t\t\t\t\t\t\t\t\n\t\t\t\t\t\t\t\t\t\t\t\t<\/div>\n\t\t\t\t\t\t\t\t\t\t\t\t<\/li>\n\t\t\t\t\t\t\t\t\t\t\t\t\t\t\t\t\t\t\t\t\t\n\t\t\t\t\t\t\t\t\t\t\t\t\t\t\t\t\t\t\t\t\t\t\t<li class=\"row\">\n\t\t\t\t\t\t\t\t\t\t\t\t<span class=\"col-6 col-md-5\">Phone<\/span>\n\t\t\t\t\t\t\t\t\t\t\t\t<span class=\"col-1 col-md-1 px-0\">:<\/span>\n\t\t\t\t\t\t\t\t\t\t\t\t<div class=\"col-5 col-md-6 px-0\">\n\t\t\t\t\t\t\t\t\t\t\t\t\t02121234567\t\t\t\t\t\t\t\t\t\t\t\t\t\n\t\t\t\t\t\t\t\t\t\t\t\t\t\n\t\t\t\t\t\t\t\t\t\t\t\t<\/div>\n\t\t\t\t\t\t\t\t\t\t\t\t<\/li>\n\t\t\t\t\t\t\t\t\t\t\t\t\t\t\t\t\t\t\t\t\t\n\t\t\t\t\t\t\t\t\t\t\t\t\t\t\t\t\t\t\t\t\t\t\t<li class=\"row\">\n\t\t\t\t\t\t\t\t\t\t\t\t<span class=\"col-6 col-md-5\">Email <\/span>\n\t\t\t\t\t\t\t\t\t\t\t\t<span class=\"col-1 col-md-1 px-0\">:<\/span>\n\t\t\t\t\t\t\t\t\t\t\t\t<div class=\"col-5 col-md-6 px-0\">\n\t\t\t\t\t\t\t\t\t\t\t\t\tinfo@tuplutelevizyon.com\t\t\t\t\t\t\t\t\t\t\t\t\t\n\t\t\t\t\t\t\t\t\t\t\t\t\t\n\t\t\t\t\t\t\t\t\t\t\t\t<\/div>\n\t\t\t\t\t\t\t\t\t\t\t\t<\/li>\n\t\t\t\t\t\t\t\t\t\t\t\t\t\t\t\t\t\t\t\t\t\n\t\t\t\t\t\t\t\t\t\t\t\t\t\t\t\t\t\t\t\t\t\n\t\t\t\t\t\t\t\t\t\t\t\t\t\t\t\t\t\t\t\t\t\t\t<li class=\"row\">\n\t\t\t\t\t\t\t\t\t\t\t\t<span class=\"col-6 col-md-5\">Adress<\/span>\n\t\t\t\t\t\t\t\t\t\t\t\t<span class=\"col-1 col-md-1 px-0\">:<\/span>\n\t\t\t\t\t\t\t\t\t\t\t\t<div class=\"col-5 col-md-6 px-0\">\n\t\t\t\t\t\t\t\t\t\t\t\t\tBeyazkaranfil Sokak No:23\t\t\t\t\t\t\t\t\t\t\t\t\t\n\t\t\t\t\t\t\t\t\t\t\t\t\t\n\t\t\t\t\t\t\t\t\t\t\t\t<\/div>\n\t\t\t\t\t\t\t\t\t\t\t\t<\/li>\n\t\t\t\t\t\t\t\t\t\t\t\t\t\t\t\t\t\t\t\t\t\n\t\t\t\t\t\t\t\t\t\t\t\t\t\t\t\t\t\t\t\t\t\t\t<li class=\"row\">\n\t\t\t\t\t\t\t\t\t\t\t\t<span class=\"col-6 col-md-5\">City<\/span>\n\t\t\t\t\t\t\t\t\t\t\t\t<span class=\"col-1 col-md-1 px-0\">:<\/span>\n\t\t\t\t\t\t\t\t\t\t\t\t<div class=\"col-5 col-md-6 px-0\">\n\t\t\t\t\t\t\t\t\t\t\t\t\t \u0130stanbul\t\t\t\t\t\t\t\t\t\t\t\t\t\n\t\t\t\t\t\t\t\t\t\t\t\t\t\n\t\t\t\t\t\t\t\t\t\t\t\t<\/div>\n\t\t\t\t\t\t\t\t\t\t\t\t<\/li>\n\t\t\t\t\t\t\t\t\t\t\t\t\t\t\t\t\t\t\t\t\t\n\t\t\t\t\t\t\t\t\t\t\t\t\t\t\t\t\t\t\t\t\t\t\t<li class=\"row\">\n\t\t\t\t\t\t\t\t\t\t\t\t<span class=\"col-6 col-md-5\">Products<\/span>\n\t\t\t\t\t\t\t\t\t\t\t\t<span class=\"col-1 col-md-1 px-0\">:<\/span>\n\t\t\t\t\t\t\t\t\t\t\t\t<div class=\"col-5 col-md-6 px-0\">\n\t\t\t\t\t\t\t\t\t\t\t\t\tWood Products\t\t\t\t\t\t\t\t\t\t\t\t\t\n\t\t\t\t\t\t\t\t\t\t\t\t\t\n\t\t\t\t\t\t\t\t\t\t\t\t<\/div>\n\t\t\t\t\t\t\t\t\t\t\t\t<\/li>\n\t\t\t\t\t\t\t\t\t\t\t\t\t\t\t\t\t\t\t\t\t\n\t\t\t\t\t\t\t\t\t\t\t\t\t\t\t\t\t\t\t\t\t\n\t\t\t\t\t\t\t\t\t\t\t\t\t\t\t\t\t\t\t\t\t\n\t\t\t\t\t\t\t\t\t\t\t\t\t\t\t\t\t\t\t\t\t\n\t\t\t\t\t\t\t\t\t\t\t\t\t\t\t\t\t\t\t\t\t\t\n\t\t\t\t\t\t\t\t\t\t\n\t\t\t\t\t\t\t\t\t\n\t\t\t\t\t\t\t\t<\/ul>\n\t\t\t\t\t\t\t\t<div class=\"side-right-social\">\n\t\t\t\t\t\t\t\t\t<h6 class=\"title-block\">Sosyal Medya<\/h6>\n\t\t\t\t\t\t\t\t\t<ul>\n\t\t\t\t\t\t\t\t\t\n\t\t\t\t\t\t\t\t\t\t\t\t\t\t\t\t\t\t\t\t\t\t\t\t\t\t\t\t<li><a href=\"https:\/\/www.facebook.com\/tuplutvcom\" target=\"_blank\"><i class=\"fab fa-facebook-f\"><\/i><\/a><\/li>\t\n\t\t\t\t\t\t\t\t\t\t\t\t\t\t\t\t\t\t\t\t\t\t\t\t\t\t\t<li><a href=\"https:\/\/twitter.com\/tuplutvcom\" target=\"_blank\"><i class=\"fab fa-twitter\"><\/i><\/a><\/li>\t\n\t\t\t\t\t\t\t\t\t\t\t\t\t\t\t\t\t\t\t\t\t\t\t\t\t\t\t<li><a href=\"https:\/\/www.linkedin.com\/company\/t\u00fcpl\u00fctelevizyon\/\" target=\"_blank\"><i class=\"fab fa-linkedin-in\"><\/i><\/a><\/li>\t\n\t\t\t\t\t\t\t\t\t\t\t\t\t\t\t\t\t\t\t\t\t\t\t\t\t\t\t<li><a href=\"https:\/\/instagram.com\/tuplutvcom\" target=\"_blank\"><i class=\"fab fa-instagram\"><\/i><\/a><\/li>\t\n\t\t\t\t\t\t\t\t\t\t\t\t\t\t\t\t\t\t\t\t\t\t\t\t\t\t\t\t<li><a href=\"https:\/\/tuplutelevizyon.com\" target=\"_blank\"><i class=\"fab fa-pinterest\"><\/i><\/a><\/li>\t\n\t\t\t\t\t\t\t\t\t\t\t\t\t\t\t\t\t\t\n\t\t\t\t\t\t\t\t\t\t\t\t\t\t\t\t\t\t\t<li><a href=\"https:\/\/www.youtube.com\/c\/T\u00fcpl\u00fcTelevizyontv\" target=\"_blank\"><i class=\"fab fa-youtube\"><\/i><\/a><\/li>\t\n\t\t\t\t\t\t\t\t\t\t\t\t\t\t\t\t\t\t\n\t\t\t\t\t\t\t\t\t\n\t\t\t\t\t\t\t\t\t\n\t\t\t\t\t\t\t\t\t<\/ul>\t\n\t\t\t\t\t\t\t\t<\/div>\n\t\t\t\t\t\t\t\t\t\t\t\t\t\t\t\t<center>\t\t\t\t\t\t\t\t\t\t\n\t\t\t\t\t\t\t\t\t<a class=\"btn btn-light-green w-60\" onclick=\"wpmembership_email_popup('1')\">\n\t\t\t\t\t\t\t\t\t\u0130leti\u015fime Ge\u00e7<\/a>\n\t\t\t\t\t\t\t\t<\/center>\n\t\t\t\t\t\t\t\t\t\t\t\t\t\t\t<\/div>\n\t\t\t\t\t\t\t\n\t\t\t\t\t\t<\/div>\n\t\t\t\t\t<\/div>\n\t\t\t\t<\/div>\n\t\t\t<\/div>\n\t\t<\/div>\n\t<\/div>\n<\/main>\n<\/div>\n\t\n<\/div><\/div><\/div><\/div><\/div><\/div><\/section>\n","protected":false},"excerpt":{"rendered":"","protected":false},"author":1,"featured_media":0,"parent":0,"menu_order":0,"comment_status":"closed","ping_status":"closed","template":"","meta":{"footnotes":""},"class_list":["post-5453","page","type-page","status-publish","hentry"],"acf":[],"_links":{"self":[{"href":"https:\/\/turkexpo.com.tr\/tr\/wp-json\/wp\/v2\/pages\/5453","targetHints":{"allow":["GET"]}}],"collection":[{"href":"https:\/\/turkexpo.com.tr\/tr\/wp-json\/wp\/v2\/pages"}],"about":[{"href":"https:\/\/turkexpo.com.tr\/tr\/wp-json\/wp\/v2\/types\/page"}],"author":[{"embeddable":true,"href":"https:\/\/turkexpo.com.tr\/tr\/wp-json\/wp\/v2\/users\/1"}],"replies":[{"embeddable":true,"href":"https:\/\/turkexpo.com.tr\/tr\/wp-json\/wp\/v2\/comments?post=5453"}],"version-history":[{"count":3,"href":"https:\/\/turkexpo.com.tr\/tr\/wp-json\/wp\/v2\/pages\/5453\/revisions"}],"predecessor-version":[{"id":5456,"href":"https:\/\/turkexpo.com.tr\/tr\/wp-json\/wp\/v2\/pages\/5453\/revisions\/5456"}],"wp:attachment":[{"href":"https:\/\/turkexpo.com.tr\/tr\/wp-json\/wp\/v2\/media?parent=5453"}],"curies":[{"name":"wp","href":"https:\/\/api.w.org\/{rel}","templated":true}]}}